{"id":3180,"date":"2016-11-15T10:02:24","date_gmt":"2016-11-15T10:02:24","guid":{"rendered":"http:\/\/cidtff.web.ua.pt\/cidtff_flashnews\/?page_id=3180"},"modified":"2016-11-15T18:27:57","modified_gmt":"2016-11-15T18:27:57","slug":"subscricao-da-flashnews","status":"publish","type":"page","link":"http:\/\/cidtff.web.ua.pt\/cidtff_flashnews\/?page_id=3180","title":{"rendered":"Subscri\u00e7\u00e3o da Flashnews"},"content":{"rendered":"<div class=\"widget_wysija_cont html_wysija\">\n<div class=\"wysija-msg ajax\"><\/div>\n<div id=\"msg-form-wysija-html582ad766a87ab-5\" class=\"wysija-msg ajax\">Ap\u00f3s a introdu\u00e7\u00e3o dos dados e valida\u00e7\u00e3o no bot\u00e3o &#8220;Subscribe!&#8221;, receber\u00e1 no email que introduziu, uma mensagem de confirma\u00e7\u00e3o.<\/div>\n<div class=\"wysija-msg ajax\">Clique no link disponibilizado para finalizar a subscri\u00e7\u00e3o.<\/div>\n<div class=\"wysija-msg ajax\"><\/div>\n<div class=\"wysija-msg ajax\">\u00a0<div class=\"widget_wysija_cont shortcode_wysija\"><div id=\"msg-form-wysija-shortcode69e5220d103e8-5\" class=\"wysija-msg ajax\"><\/div><form id=\"form-wysija-shortcode69e5220d103e8-5\" method=\"post\" action=\"#wysija\" class=\"widget_wysija shortcode_wysija\">\n<p class=\"wysija-paragraph\">\n    <label>First name<\/label>\n    \n    \t<input type=\"text\" name=\"wysija[user][firstname]\" class=\"wysija-input \" title=\"First name\"  value=\"\" \/>\n    \n    \n    \n    <span class=\"abs-req\">\n        <input type=\"text\" name=\"wysija[user][abs][firstname]\" class=\"wysija-input validated[abs][firstname]\" value=\"\" \/>\n    <\/span>\n    \n<\/p>\n<p class=\"wysija-paragraph\">\n    <label>Last name<\/label>\n    \n    \t<input type=\"text\" name=\"wysija[user][lastname]\" class=\"wysija-input \" title=\"Last name\"  value=\"\" \/>\n    \n    \n    \n    <span class=\"abs-req\">\n        <input type=\"text\" name=\"wysija[user][abs][lastname]\" class=\"wysija-input validated[abs][lastname]\" value=\"\" \/>\n    <\/span>\n    \n<\/p>\n<p class=\"wysija-paragraph\">\n    <label>Email <span class=\"wysija-required\">*<\/span><\/label>\n    \n    \t<input type=\"text\" name=\"wysija[user][email]\" class=\"wysija-input validate[required,custom[email]]\" title=\"Email\"  value=\"\" \/>\n    \n    \n    \n    <span class=\"abs-req\">\n        <input type=\"text\" name=\"wysija[user][abs][email]\" class=\"wysija-input validated[abs][email]\" value=\"\" \/>\n    <\/span>\n    \n<\/p>\n<p class=\"wysija-checkbox-label\">Select list(s):<\/p>\n\n    <p class=\"wysija-checkbox-paragraph\"><label><input class=\"wysija-checkbox validate[required]\" name=\"wysija[user_list][list_id][]\" type=\"checkbox\" value=\"5\"  \/> DEP<\/label><\/p>\n\n    <p class=\"wysija-checkbox-paragraph\"><label><input class=\"wysija-checkbox validate[required]\" name=\"wysija[user_list][list_id][]\" type=\"checkbox\" value=\"3\"  \/> CIDTFF membros<\/label><\/p>\n\n    <p class=\"wysija-checkbox-paragraph\"><label><input class=\"wysija-checkbox validate[required]\" name=\"wysija[user_list][list_id][]\" type=\"checkbox\" value=\"4\"  \/> CIDTFF ex-membros<\/label><\/p>\n\n    <p class=\"wysija-checkbox-paragraph\"><label><input class=\"wysija-checkbox validate[required]\" name=\"wysija[user_list][list_id][]\" type=\"checkbox\" value=\"6\"  \/> Alunos de Doutoramento<\/label><\/p>\n\n    <p class=\"wysija-checkbox-paragraph\"><label><input class=\"wysija-checkbox validate[required]\" name=\"wysija[user_list][list_id][]\" type=\"checkbox\" value=\"7\"  \/> Outros<\/label><\/p>\n\n\r\n<input class=\"wysija-submit wysija-submit-field\" type=\"submit\" value=\"Subscribe!\" \/>\n\n    <input type=\"hidden\" name=\"form_id\" value=\"5\" \/>\n    <input type=\"hidden\" name=\"action\" value=\"save\" \/>\n    <input type=\"hidden\" name=\"controller\" value=\"subscribers\" \/>\n    <input type=\"hidden\" value=\"1\" name=\"wysija-page\" \/>\n\n    \n <\/form><\/div><\/div>\n<\/div>\n","protected":false},"excerpt":{"rendered":"<p>Ap\u00f3s a introdu\u00e7\u00e3o dos dados e valida\u00e7\u00e3o no bot\u00e3o &#8220;Subscribe!&#8221;, receber\u00e1 no email que introduziu, uma mensagem de confirma\u00e7\u00e3o. Clique no link disponibilizado para finalizar a subscri\u00e7\u00e3o. \u00a0<\/p>\n","protected":false},"author":1,"featured_media":0,"parent":0,"menu_order":0,"comment_status":"closed","ping_status":"closed","template":"","meta":{"footnotes":""},"class_list":["post-3180","page","type-page","status-publish","hentry"],"_links":{"self":[{"href":"http:\/\/cidtff.web.ua.pt\/cidtff_flashnews\/index.php?rest_route=\/wp\/v2\/pages\/3180","targetHints":{"allow":["GET"]}}],"collection":[{"href":"http:\/\/cidtff.web.ua.pt\/cidtff_flashnews\/index.php?rest_route=\/wp\/v2\/pages"}],"about":[{"href":"http:\/\/cidtff.web.ua.pt\/cidtff_flashnews\/index.php?rest_route=\/wp\/v2\/types\/page"}],"author":[{"embeddable":true,"href":"http:\/\/cidtff.web.ua.pt\/cidtff_flashnews\/index.php?rest_route=\/wp\/v2\/users\/1"}],"replies":[{"embeddable":true,"href":"http:\/\/cidtff.web.ua.pt\/cidtff_flashnews\/index.php?rest_route=%2Fwp%2Fv2%2Fcomments&post=3180"}],"version-history":[{"count":10,"href":"http:\/\/cidtff.web.ua.pt\/cidtff_flashnews\/index.php?rest_route=\/wp\/v2\/pages\/3180\/revisions"}],"predecessor-version":[{"id":3246,"href":"http:\/\/cidtff.web.ua.pt\/cidtff_flashnews\/index.php?rest_route=\/wp\/v2\/pages\/3180\/revisions\/3246"}],"wp:attachment":[{"href":"http:\/\/cidtff.web.ua.pt\/cidtff_flashnews\/index.php?rest_route=%2Fwp%2Fv2%2Fmedia&parent=3180"}],"curies":[{"name":"wp","href":"https:\/\/api.w.org\/{rel}","templated":true}]}}